{"id":8845,"date":"2023-11-06T06:09:03","date_gmt":"2023-11-06T06:09:03","guid":{"rendered":"https:\/\/hpci.net\/?page_id=8845"},"modified":"2023-11-06T06:09:08","modified_gmt":"2023-11-06T06:09:08","slug":"subvention-canadienne-pour-lemploi","status":"publish","type":"page","link":"https:\/\/staging.hpci.net\/fr\/subvention-canadienne-pour-lemploi\/","title":{"rendered":"Subvention Canadienne pour l&#8217;emploi"},"content":{"rendered":"<section id=\"hero\">\n\n  <figure class=\"animation\">\n\n    <img decoding=\"async\" src=\"https:\/\/i0.wp.com\/staging.hpci.net\/wp-content\/uploads\/2020\/05\/HPCI_Banner_1.jpg?fit=1920%2C1080&#038;ssl=1\" alt=\"Roundtable coaching discussion\">\n\n  <\/figure>\n\n  <h1 class=\"entry-title\" itemprop=\"headline\">Subvention Canadienne pour l&#8217;emploi<\/h1>\n\n<\/section>\n\n\n<div class=\"wrap\">\n\n  \n    <div class=\"innerWrap\">\n\n  \n\n\n<h2 class=\"wp-block-heading\">Des subventions de formation peuvent aller jusqu&rsquo;\u00e0 10 000 $ par employ\u00e9!<\/h2>\n\n\n\n<p><\/p>\n\n\n\n<p>Les gouvernements f\u00e9d\u00e9ral et provincial travaillent ensemble pour vous aider \u00e0 d\u00e9velopper les comp\u00e9tences de votre main-d&rsquo;\u0153uvre. La Subvention canadienne pour l&#8217;emploi peut \u00eatre offerte \u00e0 vous ou \u00e0 votre organisation pour fournir jusqu&rsquo;\u00e0 10 000 $ par employ\u00e9 pour une nouvelle formation !<\/p>\n\n\n\n<p>Nous pouvons vous aider \u00e0 identifier les possibilit\u00e9s d&rsquo;utiliser ce programme et \u00e0 personnaliser un programme d&rsquo;entra\u00eenement sur mesure pour r\u00e9pondre \u00e0 vos besoins. <\/p>\n\n\n\n<p>Consultez les liens ci-dessous pour en savoir plus sur le fonctionnement de la subvention dans votre province ou territoire, ou communiquez directement avec nous pour obtenir de plus amples renseignements.<\/p>\n\n\n\n<p><\/p>\n\n\n\n<ul class=\"wp-block-list\">\n<li><a href=\"https:\/\/www.workbc.ca\/find-loans-and-grants\/industry-and-employers\/bc-employer-training-grant\">British Columbia<\/a><\/li>\n\n\n\n<li><a href=\"https:\/\/www.alberta.ca\/canada-alberta-job-grant.aspx\">Alberta<\/a><\/li>\n\n\n\n<li><a href=\"https:\/\/www.saskatchewan.ca\/business\/hire-train-and-manage-employees\/apply-for-the-canada-saskatchewan-job-grant\">Saskatchewan<\/a><\/li>\n\n\n\n<li><a href=\"https:\/\/www.gov.mb.ca\/jec\/busdev\/financial\/cmjg\/index.html\">Manitoba<\/a><\/li>\n\n\n\n<li><a href=\"https:\/\/www.tcu.gov.on.ca\/eng\/eopg\/cojg\/\">Ontario<\/a><\/li>\n\n\n\n<li><a href=\"http:\/\/imt.emploiquebec.gouv.qc.ca\/mtg\/inter\/noncache\/contenu\/asp\/mtg941_accueil_fran_01.asp?lang=ANGL\">Qu\u00e9bec<\/a><\/li>\n\n\n\n<li><a href=\"https:\/\/www2.gnb.ca\/content\/gnb\/en\/services\/services_renderer.201466.Labour_Force_Training.html\">Nouveau-Brunswick<\/a><\/li>\n\n\n\n<li><a href=\"https:\/\/www.princeedwardisland.ca\/en\/topic\/skillspei\">\u00cele-du-Prince-\u00c9douard<\/a><\/li>\n\n\n\n<li><a href=\"https:\/\/www.mentorworks.ca\/what-we-offer\/government-funding\/human-resources-and-training\/canada-nova-scotia-job-grant-cnsjg\/\">Nouvelle-\u00c9cosse<\/a><\/li>\n\n\n\n<li><a href=\"https:\/\/www.gov.nl.ca\/ipgs\/employ-support\/foremployers\/canada-nl-job-grant\/\">Terre-Neuve-et-Labrador<\/a><\/li>\n\n\n\n<li><a href=\"http:\/\/www.education.gov.yk.ca\/employers\/cjf.html\">Yukon<\/a><\/li>\n\n\n\n<li><a href=\"https:\/\/www.ece.gov.nt.ca\/sites\/ece\/files\/resources\/canada-northwest_territories_job_grant_brochure.pdf\">Territoires du Nord-Ouest<\/a><\/li>\n\n\n\n<li><a href=\"https:\/\/www.gov.nu.ca\/family-services\/programs-services\/canada-nunavut-job-grant-cnjg\">Nunavut<\/a><\/li>\n<\/ul>\n\n\n\n  <\/div>\n\n\n<\/div>\n","protected":false},"excerpt":{"rendered":"<p>Des subventions de formation peuvent aller jusqu&rsquo;\u00e0 10 000 $ par employ\u00e9! Les gouvernements f\u00e9d\u00e9ral et provincial travaillent ensemble pour vous aider \u00e0 d\u00e9velopper les comp\u00e9tences de votre main-d&rsquo;\u0153uvre. La Subvention canadienne pour l&#8217;emploi peut \u00eatre offerte \u00e0 vous ou \u00e0 votre organisation pour fournir jusqu&rsquo;\u00e0 10 000 $ par employ\u00e9 pour une nouvelle formation [&hellip;]<\/p>\n","protected":false},"author":8,"featured_media":0,"parent":0,"menu_order":0,"comment_status":"closed","ping_status":"closed","template":"","meta":{"_acf_changed":false,"_monsterinsights_skip_tracking":false,"_monsterinsights_sitenote_active":false,"_monsterinsights_sitenote_note":"","_monsterinsights_sitenote_category":0,"_genesis_hide_title":false,"_genesis_hide_breadcrumbs":false,"_genesis_hide_singular_image":false,"_genesis_hide_footer_widgets":false,"_genesis_custom_body_class":"","_genesis_custom_post_class":"","_genesis_layout":"","footnotes":""},"class_list":{"0":"post-8845","1":"page","2":"type-page","3":"status-publish","5":"entry"},"acf":[],"aioseo_notices":[],"jetpack_sharing_enabled":true,"_links":{"self":[{"href":"https:\/\/staging.hpci.net\/fr\/wp-json\/wp\/v2\/pages\/8845","targetHints":{"allow":["GET"]}}],"collection":[{"href":"https:\/\/staging.hpci.net\/fr\/wp-json\/wp\/v2\/pages"}],"about":[{"href":"https:\/\/staging.hpci.net\/fr\/wp-json\/wp\/v2\/types\/page"}],"author":[{"embeddable":true,"href":"https:\/\/staging.hpci.net\/fr\/wp-json\/wp\/v2\/users\/8"}],"replies":[{"embeddable":true,"href":"https:\/\/staging.hpci.net\/fr\/wp-json\/wp\/v2\/comments?post=8845"}],"version-history":[{"count":2,"href":"https:\/\/staging.hpci.net\/fr\/wp-json\/wp\/v2\/pages\/8845\/revisions"}],"predecessor-version":[{"id":8847,"href":"https:\/\/staging.hpci.net\/fr\/wp-json\/wp\/v2\/pages\/8845\/revisions\/8847"}],"wp:attachment":[{"href":"https:\/\/staging.hpci.net\/fr\/wp-json\/wp\/v2\/media?parent=8845"}],"curies":[{"name":"wp","href":"https:\/\/api.w.org\/{rel}","templated":true}]}}