{"id":375,"date":"2020-05-10T11:23:56","date_gmt":"2020-05-10T11:23:56","guid":{"rendered":"http:\/\/hpciproject.wpengine.com\/about-us\/"},"modified":"2020-06-08T14:12:28","modified_gmt":"2020-06-08T14:12:28","slug":"a-propos","status":"publish","type":"page","link":"https:\/\/staging.hpci.net\/fr\/a-propos\/","title":{"rendered":"\u00c0 propos"},"content":{"rendered":"<section id=\"hero\">\n\n  <figure class=\"animation\">\n\n    <img decoding=\"async\" src=\"https:\/\/i0.wp.com\/staging.hpci.net\/wp-content\/uploads\/2020\/05\/HPCI_Banner_1.jpg?fit=1920%2C1080&#038;ssl=1\" alt=\"Roundtable coaching discussion\">\n\n  <\/figure>\n\n  <h1 class=\"entry-title\" itemprop=\"headline\">\u00c0 propos de HPCI<\/h1>\n\n<\/section>\n\n\n<section class=\"about\">\n\n  <div class=\"wrap\">\n\n    <div class=\"innerWrap\">\n\n      <div class=\"flex flexAbout\">\n\n        <div class=\"aboutContent\">\n\n          <h2>Nos valeurs<\/h2>\n\n          <p>Les Conseillers en potentiel humain inc. (HPCI) est une entreprise ax\u00e9e sur les valeurs et fournit des services de formation, d\u2019animation, de consultation et d\u2019encadrement de haute qualit\u00e9, et ce, dans le monde entier. Nous promettons des r\u00e9sultats gr\u00e2ce \u00e0 notre \u00e9quipe de formateurs, d\u2019animateurs et de coachs experts.<\/p>\n<p>La mission de HPCI est de mieux \u00e9quiper l\u2019ensemble de la personne, de l\u2019\u00e9quipe et de l\u2019organisation \u00e0 pr\u00e9ciser et \u00e0 atteindre leurs objectifs (un bien \u00eatre, une productivit\u00e9 et des profits accrus).<\/p>\n<p>HPCI fournit des services pratiques sur mesure ax\u00e9s sur les r\u00e9sultats et utilise des techniques de pointe. Nous misons sur l\u2019apprentissage continu.<\/p>\n\n        <\/div>\n\n        \n          <div class=\"aboutImage\">\n\n            <figure class=\"animation\">\n\n              <img decoding=\"async\" src=\"https:\/\/i0.wp.com\/staging.hpci.net\/wp-content\/uploads\/2020\/05\/HPCI_Banner_2.jpg?fit=1920%2C1080&#038;ssl=1\" alt=\"\">\n\n            <\/figure>\n\n          <\/div>\n\n        \n      <\/div>\n\n    <\/div>\n\n  <\/div>\n\n<\/section>\n\n\n  <section class=\"values\">\n\n    <div class=\"wrap\">\n\n      <div class=\"backgroundValues\" style=\"background-color: #002c3e\">\n\n        <div class=\"innerWrap\">\n\n          <h2>Nos valeurs<\/h2>\n\n          <div class=\"flex flexValues\">\n\n            <div class=\"leftValues\">\n\n              \n                <h3 class=\"open\" data-slide=\"1\" data-image=\"https:\/\/i0.wp.com\/staging.hpci.net\/wp-content\/uploads\/2020\/05\/HPCI_Banner_2.jpg?fit=1920%2C1080&#038;ssl=1\" data-alt=\"\">Pragmatique.<\/h3>\n\n                <p class=\"mobileOnly\">Nous \u00e9quipons nos clients avec des comp\u00e9tences pratiques du monde r\u00e9el.<\/p>\n\n              \n                <h3  data-slide=\"2\" data-image=\"\" data-alt=\"\">Inspirant<\/h3>\n\n                <p class=\"mobileOnly\">Nous inspirons nos clients par des approches et des concepts innovants.<\/p>\n\n              \n                <h3  data-slide=\"3\" data-image=\"\" data-alt=\"\">Attentionn\u00e9 <\/h3>\n\n                <p class=\"mobileOnly\">Nous aidons l&rsquo;individu \u00e0 se d\u00e9velopper en tant que personne et professionnel au sein de l\u2019organisation. <\/p>\n\n              \n            <\/div>\n\n            <div class=\"rightValues\">\n\n              <div class=\"slicker\">\n\n                \n                  <div>Nous \u00e9quipons nos clients avec des comp\u00e9tences pratiques du monde r\u00e9el.<\/div>\n\n                \n                  <div>Nous inspirons nos clients par des approches et des concepts innovants.<\/div>\n\n                \n                  <div>Nous aidons l&rsquo;individu \u00e0 se d\u00e9velopper en tant que personne et professionnel au sein de l\u2019organisation. <\/div>\n\n                \n              <\/div>\n\n              <div class=\"sliderNav flex\">\n\n                <button id=\"goLeft\"><i class=\"fas fa-chevron-left\" aria-hidden=\"true\"><\/i><\/button>\n\n                <span class=\"currentPage\">01<\/span>\n\n                <span>|<\/span>\n\n                <span class=\"totalPage\" data-total=\"3\"><\/span>\n\n                <button id=\"goRight\"><i class=\"fas fa-chevron-right\" aria-hidden=\"true\"><\/i><\/button>\n\n              <\/div>\n\n            <\/div>\n\n        <\/div>\n\n      <\/div>\n\n    <\/div>\n\n  <\/section>\n\n\n\n<div class=\"wrap\">\n\n  \n    <div class=\"innerWrap\">\n\n  \n\n\n<h2 class=\"wp-block-heading\">Notre histoire<\/h2>\n\n\n\n<p>Au d\u00e9part, nous \u00e9tions des professionnels et leaders.&nbsp; Nous partagions une passion pour le d\u00e9veloppement des personnes, l\u2019apprentissage et l\u2019accomplissement.<\/p>\n\n\n\n<p>En pratiquant notre m\u00e9tier d\u2019encadrement, d\u2019animation et de d\u00e9veloppement organisationnel, nous avons recherch\u00e9 toutes les comp\u00e9tences de pointe en mati\u00e8re d\u2019apprentissage et relativement \u00e0 nos sp\u00e9cialit\u00e9s. Nous avons int\u00e9gr\u00e9 la science du cerveau, la psychologie et les technologies de pointe en mati\u00e8re d\u2019apprentissage dans notre conception et notre prestation.<\/p>\n\n\n\n<p>En nous associant avec des clients des secteurs public et priv\u00e9, nous avons attir\u00e9 d\u2019autres personnes ayant des valeurs et des comp\u00e9tences similaires&nbsp;: cadres, entrepreneurs, enqu\u00eateurs, psychologues, avocats, universitaires, consultants en gestion, directeurs des ventes et du marketing, etc.<\/p>\n\n\n\n<p>Nos clients ont contribu\u00e9 \u00e0 notre croissance, \u00e0 l\u2019\u00e9chelle nationale et \u00e0 l\u2019\u00e9chelle internationale, dans tous les secteurs d\u2019activit\u00e9 et dans tous les domaines des secteurs public et priv\u00e9. Au cours de nos trente premi\u00e8res ann\u00e9es, nous avons travaill\u00e9 en Am\u00e9rique du Nord et du Sud, au Royaume-Uni, en Europe, au Moyen-Orient, en Afrique, en Asie, en Asie du Sud-Est et en Australie.<\/p>\n\n\n\n<p>Nous avons d\u00e9velopp\u00e9 des partenariats avec des soci\u00e9t\u00e9s de consultants et de formation de classe mondiale, ce qui a permis d\u2019affiner davantage notre expertise, notre exp\u00e9rience et la qualit\u00e9 de nos services.<\/p>\n\n\n\n<p>Nos clients nous disent que nous nous distinguons des autres consultants et formateurs par notre souci d\u2019offrir des r\u00e9sultats concrets, par notre approche inspirante et engageante et par notre \u00ab&nbsp;touche personnelle&nbsp;\u00bb.<\/p>\n\n\n\n<p>La \u00ab&nbsp;touche personnelle&nbsp;\u00bb signifie que chaque personne a une exp\u00e9rience de croissance personnelle et professionnelle significative qui lui permet d\u2019obtenir de meilleurs r\u00e9sultats en tant que personne, et d\u2019apporter une contribution \u00e0 ses \u00e9quipes, \u00e0 ses organisations et \u00e0 ses clients \u2013 une approche holistique.<\/p>\n\n\n\n<p>Cela signifie que rien n\u2019est \u00ab&nbsp;g\u00e9n\u00e9rique&nbsp;\u00bb; nous nous adaptons constamment aux nouveaux besoins des personnes et des organisations.<\/p>\n\n\n\n<p>Nous \u00e9laborons actuellement une strat\u00e9gie et une nouvelle image de marque afin de continuer \u00e0 apporter des contributions de classe mondiale au cours des 30&nbsp;prochaines ann\u00e9es.<\/p>\n\n\n\n<p>Nous livrons nos services en anglais, en fran\u00e7ais, en espagnol et en allemand.<\/p>\n\n\n\n<p><\/p>\n\n\n\n  <\/div>\n\n\n<\/div>\n\n\n\n  <section class=\"differences\">\n\n    <div class=\"wrap\">\n\n      <div class=\"innerWrap\">\n\n        <div class=\"differencesTitle\">\n\n          <h2>En quoi sommes-nous diff\u00e9rents<\/h2>\n\n        <\/div>\n\n        <div class=\"flex flexDifferences\">\n\n          \n            <div class=\"eachApproach\">\n\n              <h3>Approche traditionnelle<\/h3>\n\n              \n                \n                  <div class=\"eachIt\">\n\n                    Tr\u00e8s structur\u00e9e\n                  <\/div>\n\n                \n                  <div class=\"eachIt\">\n\n                    Th\u00e9orique, pratique minimale\n                  <\/div>\n\n                \n                  <div class=\"eachIt\">\n\n                    Difficile \u00e0 appliquer\n                  <\/div>\n\n                \n                  <div class=\"eachIt\">\n\n                    Contenu g\u00e9n\u00e9rique \n                  <\/div>\n\n                \n                  <div class=\"eachIt\">\n\n                    Contenu impos\u00e9\n                  <\/div>\n\n                \n                  <div class=\"eachIt\">\n\n                    Bas\u00e9e sur l&rsquo;information\n                  <\/div>\n\n                \n                  <div class=\"eachIt\">\n\n                    T\u00e9l\u00e9chargement de donn\u00e9es\n                  <\/div>\n\n                \n                  <div class=\"eachIt\">\n\n                    Passive (PowerPoint, r\u00e9gurgitation de l\u2019information)\n                  <\/div>\n\n                \n              \n            <\/div>\n\n          \n            <div class=\"eachApproach\">\n\n              <h3>L&rsquo;approche de HPCI<\/h3>\n\n              \n                \n                  <div class=\"eachIt\">\n\n                    Adapt\u00e9e aux besoins\n                  <\/div>\n\n                \n                  <div class=\"eachIt\">\n\n                    Exp\u00e9rientielle\n                  <\/div>\n\n                \n                  <div class=\"eachIt\">\n\n                    Applicable imm\u00e9diatement\n                  <\/div>\n\n                \n                  <div class=\"eachIt\">\n\n                    Enti\u00e8rement ax\u00e9e sur le client\n                  <\/div>\n\n                \n                  <div class=\"eachIt\">\n\n                    Anim\u00e9e\n                  <\/div>\n\n                \n                  <div class=\"eachIt\">\n\n                    Bas\u00e9e sur les comp\u00e9tences\n                  <\/div>\n\n                \n                  <div class=\"eachIt\">\n\n                    Pratique &#8211; utile dans le monde r\u00e9el\n                  <\/div>\n\n                \n                  <div class=\"eachIt\">\n\n                    Interactive (jeux de r\u00f4le, sc\u00e9narios, travail de groupe)\n                  <\/div>\n\n                \n              \n            <\/div>\n\n          \n        <\/div>\n\n      <\/div>\n      \n    <\/div>\n\n  <\/section>\n\n","protected":false},"excerpt":{"rendered":"<p>Notre histoire Au d\u00e9part, nous \u00e9tions des professionnels et leaders.&nbsp; Nous partagions une passion pour le d\u00e9veloppement des personnes, l\u2019apprentissage et l\u2019accomplissement. En pratiquant notre m\u00e9tier d\u2019encadrement, d\u2019animation et de d\u00e9veloppement organisationnel, nous avons recherch\u00e9 toutes les comp\u00e9tences de pointe en mati\u00e8re d\u2019apprentissage et relativement \u00e0 nos sp\u00e9cialit\u00e9s. Nous avons int\u00e9gr\u00e9 la science du cerveau, [&hellip;]<\/p>\n","protected":false},"author":2,"featured_media":0,"parent":0,"menu_order":0,"comment_status":"closed","ping_status":"closed","template":"","meta":{"_acf_changed":false,"_monsterinsights_skip_tracking":false,"_monsterinsights_sitenote_active":false,"_monsterinsights_sitenote_note":"","_monsterinsights_sitenote_category":0,"_genesis_hide_title":false,"_genesis_hide_breadcrumbs":false,"_genesis_hide_singular_image":false,"_genesis_hide_footer_widgets":false,"_genesis_custom_body_class":"","_genesis_custom_post_class":"","_genesis_layout":"","footnotes":""},"class_list":{"0":"post-375","1":"page","2":"type-page","3":"status-publish","5":"entry"},"acf":[],"aioseo_notices":[],"jetpack_sharing_enabled":true,"_links":{"self":[{"href":"https:\/\/staging.hpci.net\/fr\/wp-json\/wp\/v2\/pages\/375","targetHints":{"allow":["GET"]}}],"collection":[{"href":"https:\/\/staging.hpci.net\/fr\/wp-json\/wp\/v2\/pages"}],"about":[{"href":"https:\/\/staging.hpci.net\/fr\/wp-json\/wp\/v2\/types\/page"}],"author":[{"embeddable":true,"href":"https:\/\/staging.hpci.net\/fr\/wp-json\/wp\/v2\/users\/2"}],"replies":[{"embeddable":true,"href":"https:\/\/staging.hpci.net\/fr\/wp-json\/wp\/v2\/comments?post=375"}],"version-history":[{"count":0,"href":"https:\/\/staging.hpci.net\/fr\/wp-json\/wp\/v2\/pages\/375\/revisions"}],"wp:attachment":[{"href":"https:\/\/staging.hpci.net\/fr\/wp-json\/wp\/v2\/media?parent=375"}],"curies":[{"name":"wp","href":"https:\/\/api.w.org\/{rel}","templated":true}]}}