{"id":374,"date":"2020-05-27T13:07:05","date_gmt":"2020-05-27T13:07:05","guid":{"rendered":"http:\/\/hpciproject.wpengine.com\/coaching\/"},"modified":"2020-05-29T11:56:02","modified_gmt":"2020-05-29T11:56:02","slug":"encadrement","status":"publish","type":"page","link":"https:\/\/staging.hpci.net\/fr\/encadrement\/","title":{"rendered":"Encadrement"},"content":{"rendered":"<section id=\"hero\">\n\n  <figure class=\"animation\">\n\n    <img decoding=\"async\" src=\"https:\/\/i0.wp.com\/staging.hpci.net\/wp-content\/uploads\/2020\/05\/HPCI_Banner_1.jpg?fit=1920%2C1080&#038;ssl=1\" alt=\"Roundtable coaching discussion\">\n\n  <\/figure>\n\n  <h1 class=\"entry-title\" itemprop=\"headline\">Encadrement<\/h1>\n\n<\/section>\n\n\n\n<div style=\"height:70px\" aria-hidden=\"true\" class=\"wp-block-spacer\"><\/div>\n\n\n<div class=\"wrap\">\n\n  \n    <div class=\"innerWrap\">\n\n  \n\n\n<p>En fonction des objectifs et des besoins, l\u2019encadrement peut varier en dur\u00e9e, en structure et en complexit\u00e9.<\/p>\n\n\n\n  <\/div>\n\n\n<\/div>\n\n\n\n<div style=\"height:40px\" aria-hidden=\"true\" class=\"wp-block-spacer\"><\/div>\n\n\n\n<hr class=\"wp-block-separator has-text-color has-background is-style-wide\" style=\"background-color:#dfe1df;color:#dfe1df\"\/>\n\n\n\n<div style=\"height:80px\" aria-hidden=\"true\" class=\"wp-block-spacer\"><\/div>\n\n\n<div class=\"wrap\">\n\n  \n    <div class=\"innerWrap\">\n\n  \n\n\n<h2 class=\"wp-block-heading\">L\u2019encadrement individuel<\/h2>\n\n\n\n<p>Les membres de l\u2019\u00e9quipe HPCI offrent un encadrement individuel aux dirigeants dans leurs domaines d\u2019expertise, notamment\u00a0:<\/p>\n\n\n\n<ul class=\"wp-block-list\"><li>la gestion du changement;<\/li><li>la n\u00e9gociation;<\/li><li>les techniques d\u2019entrevue;<\/li><li>les enqu\u00eates;<\/li><li>la planification strat\u00e9gique.<\/li><\/ul>\n\n\n\n  <\/div>\n\n\n<\/div>\n\n\n\n<div style=\"height:50px\" aria-hidden=\"true\" class=\"wp-block-spacer\"><\/div>\n\n\n\n<hr class=\"wp-block-separator has-text-color has-background is-style-wide\" style=\"background-color:#dfe1df;color:#dfe1df\"\/>\n\n\n\n<div style=\"height:80px\" aria-hidden=\"true\" class=\"wp-block-spacer\"><\/div>\n\n\n<div class=\"wrap\">\n\n  \n    <div class=\"innerWrap\">\n\n  \n\n\n<h2 class=\"wp-block-heading\">L\u2019encadrement pour les organisateurs d\u2019\u00e9v\u00e9nements<\/h2>\n\n\n\n<p>Nous fournissons des services d\u2019encadrement pour les organisateurs d\u2019un \u00e9v\u00e9nement (conf\u00e9rences, s\u00e9ances, interventions de planification strat\u00e9gique ou exercices de r\u00e9solution de probl\u00e8mes par exemple),\u00a0et ce, pour\u00a0:<\/p>\n\n\n\n<ul class=\"wp-block-list\"><li>s\u2019assurer que les responsables disposent d\u2019un plan;<\/li><li>les aider \u00e0 mieux comprendre leur r\u00f4le pendant l\u2019\u00e9v\u00e9nement;<\/li><li>les aider \u00e0 assurer les suivis et l\u2019\u00e9lan;<\/li><li>assurer les r\u00e9sultats souhait\u00e9s.<\/li><\/ul>\n\n\n\n  <\/div>\n\n\n<\/div>\n\n\n\n<div style=\"height:50px\" aria-hidden=\"true\" class=\"wp-block-spacer\"><\/div>\n\n\n\n<p><\/p>\n","protected":false},"excerpt":{"rendered":"<p>En fonction des objectifs et des besoins, l\u2019encadrement peut varier en dur\u00e9e, en structure et en complexit\u00e9. L\u2019encadrement individuel Les membres de l\u2019\u00e9quipe HPCI offrent un encadrement individuel aux dirigeants dans leurs domaines d\u2019expertise, notamment\u00a0: la gestion du changement; la n\u00e9gociation; les techniques d\u2019entrevue; les enqu\u00eates; la planification strat\u00e9gique. L\u2019encadrement pour les organisateurs d\u2019\u00e9v\u00e9nements Nous [&hellip;]<\/p>\n","protected":false},"author":3,"featured_media":0,"parent":0,"menu_order":0,"comment_status":"closed","ping_status":"closed","template":"","meta":{"_acf_changed":false,"_monsterinsights_skip_tracking":false,"_monsterinsights_sitenote_active":false,"_monsterinsights_sitenote_note":"","_monsterinsights_sitenote_category":0,"_genesis_hide_title":false,"_genesis_hide_breadcrumbs":false,"_genesis_hide_singular_image":false,"_genesis_hide_footer_widgets":false,"_genesis_custom_body_class":"","_genesis_custom_post_class":"","_genesis_layout":"","footnotes":""},"class_list":{"0":"post-374","1":"page","2":"type-page","3":"status-publish","5":"entry"},"acf":[],"aioseo_notices":[],"jetpack_sharing_enabled":true,"_links":{"self":[{"href":"https:\/\/staging.hpci.net\/fr\/wp-json\/wp\/v2\/pages\/374","targetHints":{"allow":["GET"]}}],"collection":[{"href":"https:\/\/staging.hpci.net\/fr\/wp-json\/wp\/v2\/pages"}],"about":[{"href":"https:\/\/staging.hpci.net\/fr\/wp-json\/wp\/v2\/types\/page"}],"author":[{"embeddable":true,"href":"https:\/\/staging.hpci.net\/fr\/wp-json\/wp\/v2\/users\/3"}],"replies":[{"embeddable":true,"href":"https:\/\/staging.hpci.net\/fr\/wp-json\/wp\/v2\/comments?post=374"}],"version-history":[{"count":0,"href":"https:\/\/staging.hpci.net\/fr\/wp-json\/wp\/v2\/pages\/374\/revisions"}],"wp:attachment":[{"href":"https:\/\/staging.hpci.net\/fr\/wp-json\/wp\/v2\/media?parent=374"}],"curies":[{"name":"wp","href":"https:\/\/api.w.org\/{rel}","templated":true}]}}