{"id":369,"date":"2020-05-10T18:35:46","date_gmt":"2020-05-10T18:35:46","guid":{"rendered":"http:\/\/hpciproject.wpengine.com\/training-workshops\/"},"modified":"2022-01-18T16:09:14","modified_gmt":"2022-01-18T16:09:14","slug":"ateliers-de-formation","status":"publish","type":"page","link":"https:\/\/staging.hpci.net\/fr\/ateliers-de-formation\/","title":{"rendered":"Ateliers de formation"},"content":{"rendered":"<section id=\"hero\">\n\n  <figure class=\"animation\">\n\n    <img decoding=\"async\" src=\"https:\/\/i0.wp.com\/staging.hpci.net\/wp-content\/uploads\/2020\/05\/HPCI_Banner_3.jpg?fit=1920%2C1080&#038;ssl=1\" alt=\"\">\n\n  <\/figure>\n\n  <h1 class=\"entry-title\" itemprop=\"headline\">Ateliers de formation<\/h1>\n\n<\/section>\n\n\n\n<div style=\"height:70px\" aria-hidden=\"true\" class=\"wp-block-spacer\"><\/div>\n\n\n<div class=\"wrap\">\n\n  \n    <div class=\"innerWrap\">\n\n  \n\n\n<p>Conception sur mesure, approche facilit\u00e9e, livraison r\u00e9active et engageante.<\/p>\n\n\n\n<p>Nos ateliers sont offerts virtuellement, en ligne (auto-dirig\u00e9s) et en classe.<\/p>\n\n\n\n  <\/div>\n\n\n<\/div>\n\n\n\n<div style=\"height:40px\" aria-hidden=\"true\" class=\"wp-block-spacer\"><\/div>\n\n\n\n  <section class=\"allServices\">\n\n    \n        <section class=\"single-service\">\n\n          <div class=\"wrap\">\n\n            \n              <div class=\"backgroundService\" style=\"background-color: #002c3e\">\n\n            \n            <div class=\"innerWrap\">\n\n              <div class=\"titleService\">\n\n                \n                  <h2>Formation unique et exclusive \u00e0 HPCI<\/h2>\n\n                \n              <\/div>\n\n              <div class=\"allLines\">\n\n                \n                  <div class=\"eachLines\">\n\n                    <h2 class=\"flex\"><span class=\"title\">Le r\u00e9seautage et la collaboration<\/span><span class=\"icon\"><i class=\"far fa-plus\"><\/i><\/span><\/h2>\n\n                    <div class=\"contentInside\">\n\n                      <p>Un ensemble complet de comp\u00e9tences et de strat\u00e9gies, notamment : \u00e9tablir des relations, cr\u00e9er et maintenir un r\u00e9seau strat\u00e9gique, garder son sang-froid, cr\u00e9er des liens dans les r\u00e9unions sociales et assurer un suivi, la m\u00e9moire, l\u2019influence, la persuasion et la politique interne.<\/p>\n\n                    <\/div>\n\n                  <\/div>\n\n                \n                  <div class=\"eachLines\">\n\n                    <h2 class=\"flex\"><span class=\"title\">Le consultant professionnel<\/span><span class=\"icon\"><i class=\"far fa-plus\"><\/i><\/span><\/h2>\n\n                    <div class=\"contentInside\">\n\n                      <p>L\u2019expertise des consultants internes et externes ne suffit pas. Ils doivent ma\u00eetriser les comp\u00e9tences n\u00e9cessaires \u00e0 la cr\u00e9ation de relations et de partenariats avec leurs clients, \u00e0 la r\u00e9solution de probl\u00e8mes, \u00e0 la n\u00e9gociation des attentes et des priorit\u00e9s et \u00e0 la gestion des situations difficiles des clients.<\/p>\n\n                    <\/div>\n\n                  <\/div>\n\n                \n                  <div class=\"eachLines\">\n\n                    <h2 class=\"flex\"><span class=\"title\">Les breffages verbaux<\/span><span class=\"icon\"><i class=\"far fa-plus\"><\/i><\/span><\/h2>\n\n                    <div class=\"contentInside\">\n\n                      <p>Planifier les breffages verbaux pour atteindre les r\u00e9sultats souhait\u00e9s et produire un impact. S\u2019exercer afin d\u2019obtenir des am\u00e9liorations imm\u00e9diates lors de breffages impromptus (30 secondes), de breffages informels (au bureau) (5 minutes) et de breffages formels (de 5 \u00e0 7 minutes).<\/p>\n\n                    <\/div>\n\n                  <\/div>\n\n                \n                  <div class=\"eachLines\">\n\n                    <h2 class=\"flex\"><span class=\"title\">La n\u00e9gociation<\/span><span class=\"icon\"><i class=\"far fa-plus\"><\/i><\/span><\/h2>\n\n                    <div class=\"contentInside\">\n\n                      <p>Les strat\u00e9gies de la n\u00e9gociation raisonn\u00e9e reposent sur les comp\u00e9tences suivantes : \u00e9tablir des relations et la confiance, lire et r\u00e9agir au langage corporel, anticiper les pi\u00e8ges mentaux, verbaux et \u00e9motionnels.<\/p>\n\n                    <\/div>\n\n                  <\/div>\n\n                \n                  <div class=\"eachLines\">\n\n                    <h2 class=\"flex\"><span class=\"title\">La gestion des \u00e9quipes virtuelles<\/span><span class=\"icon\"><i class=\"far fa-plus\"><\/i><\/span><\/h2>\n\n                    <div class=\"contentInside\">\n\n                      <p>Les dirigeants d\u2019\u00e9quipes virtuelles savent que la gestion du rendement, la tenue de r\u00e9unions, la motivation et le d\u00e9veloppement d\u2019un sentiment d\u2019appartenance \u00e0 la communaut\u00e9 ne sont que quelques-uns des d\u00e9fis auxquels ils sont confront\u00e9s. Notre formation offre des pratiques et protocoles pour surmonter ces d\u00e9fis.<\/p>\n\n                    <\/div>\n\n                  <\/div>\n\n                \n                  <div class=\"eachLines\">\n\n                    <h2 class=\"flex\"><span class=\"title\">La gestion du changement<\/span><span class=\"icon\"><i class=\"far fa-plus\"><\/i><\/span><\/h2>\n\n                    <div class=\"contentInside\">\n\n                      <p>On estime que 66 % des \u00e9checs des initiatives de changement sont attribuables \u00e0 un manque d\u2019engagement des personnes. Bien que l\u2019approche HPCI s\u2019inspire des m\u00e9thodologies les plus efficaces, elle se d\u00e9finit par l\u2019accent mis sur l\u2019engagement des personnes dans son mod\u00e8le de processus en sept \u00e9tapes.<\/p>\n\n                    <\/div>\n\n                  <\/div>\n\n                \n                  <div class=\"eachLines\">\n\n                    <h2 class=\"flex\"><span class=\"title\">La s\u00e9curit\u00e9 et la cr\u00e9dibilit\u00e9 lors de situations difficiles<\/span><span class=\"icon\"><i class=\"far fa-plus\"><\/i><\/span><\/h2>\n\n                    <div class=\"contentInside\">\n\n                      <p>Comp\u00e9tences et strat\u00e9gies pour se pr\u00e9parer \u00e0 la s\u00e9curit\u00e9; lire les signes de danger; garder son calme et projeter sa confiance et sa cr\u00e9dibilit\u00e9; surmonter les pr\u00e9jug\u00e9s sexistes; d\u00e9samorcer les situations difficiles et r\u00e9agir avec \u00e9l\u00e9gance. (Cette m\u00e9thode est tr\u00e8s appr\u00e9ci\u00e9e des femmes qui travaillent \u00e0 l\u2019\u00e9tranger.)<\/p>\n\n                    <\/div>\n\n                  <\/div>\n\n                \n                  <div class=\"eachLines\">\n\n                    <h2 class=\"flex\"><span class=\"title\">Les techniques d&rsquo;entrevues<\/span><span class=\"icon\"><i class=\"far fa-plus\"><\/i><\/span><\/h2>\n\n                    <div class=\"contentInside\">\n\n                      <p>Un atelier phare pour les enqu\u00eateurs, les v\u00e9rificateurs, les inspecteurs et les gestionnaires. Les participants s\u2019exercent \u00e0 \u00e9tablir des rapports et \u00e0 instaurer la confiance : envoyer, lire et r\u00e9pondre \u00e0 des indices verbaux et non verbaux (y compris la d\u00e9ception). Ils d\u00e9veloppent des strat\u00e9gies de questionnement efficace et \u00e9vitent les pi\u00e8ges mentaux, verbaux et \u00e9motionnels.<\/p>\n\n                    <\/div>\n\n                  <\/div>\n\n                \n                  <div class=\"eachLines\">\n\n                    <h2 class=\"flex\"><span class=\"title\">Programme de mentorat<\/span><span class=\"icon\"><i class=\"far fa-plus\"><\/i><\/span><\/h2>\n\n                    <div class=\"contentInside\">\n\n                      <p>Un programme qui met en relation le mentor et le mentor\u00e9 (gr\u00e2ce \u00e0 un logiciel et une m\u00e9thodologie adapt\u00e9e), facilite l&rsquo;introduction et la premi\u00e8re session de mentorat. Il fournit la clart\u00e9 fondamentale des r\u00f4les et des objectifs, des relations, des avantages et des accords mutuels. Les participants apprendront \u00e9galement les comp\u00e9tences n\u00e9cessaires pour identifier et g\u00e9rer les proph\u00e9ties qui se r\u00e9alisent, b\u00e2tir un rapport et la confiance, s\u2019adapter aux personnalit\u00e9s et bien g\u00e9rer des sessions de mentorat. <\/p>\n\n                    <\/div>\n\n                  <\/div>\n\n                \n              <\/div>\n\n            <\/div>\n\n            \n              <\/div>\n\n            \n          <\/div>\n\n        <\/section>\n\n      \n    \n        <section class=\"single-service\">\n\n          <div class=\"wrap\">\n\n            \n            <div class=\"innerWrap\">\n\n              <div class=\"titleService\">\n\n                \n                  <h2>Formation fond\u00e9e sur une d\u00e9marche novatrice pour les formateurs, les animateurs et les enseignants<\/h2>\n\n                \n              <\/div>\n\n              <div class=\"allLines\">\n\n                \n                  <div class=\"eachLines\">\n\n                    <h2 class=\"flex\"><span class=\"title\">Animation<\/span><span class=\"icon\"><i class=\"far fa-plus\"><\/i><\/span><\/h2>\n\n                    <div class=\"contentInside\">\n\n                      <p>Ouvrir une r\u00e9union pour faire participer m\u00eame les participants les plus r\u00e9ticents, balayer la salle pour conna\u00eetre l\u2019\u00e9tat des personnes et l\u2019accomplissement des t\u00e2ches \u2013 pour savoir quand et comment intervenir (et quand ne pas intervenir), traiter efficacement les personnes et les situations difficiles, cl\u00f4turer la r\u00e9union pour s\u2019assurer de la mobilisation pour l\u2019action. Concevoir un processus pour le r\u00e9sultat souhait\u00e9, c\u2019est-\u00e0-dire la planification strat\u00e9gique, la constitution d\u2019une \u00e9quipe, la r\u00e9solution de probl\u00e8mes, l\u2019apprentissage, etc.<\/p>\n\n                    <\/div>\n\n                  <\/div>\n\n                \n                  <div class=\"eachLines\">\n\n                    <h2 class=\"flex\"><span class=\"title\">La formation des formateurs et l&rsquo;apprentissage acc\u00e9l\u00e9r\u00e9<\/span><span class=\"icon\"><i class=\"far fa-plus\"><\/i><\/span><\/h2>\n\n                    <div class=\"contentInside\">\n\n                      <p>Ces ateliers peuvent \u00eatre int\u00e9gr\u00e9s ou s\u00e9par\u00e9s. Ils sont fond\u00e9s sur la science du cerveau, les techniques d\u2019apprentissage acc\u00e9l\u00e9r\u00e9 et les principes de l\u2019apprentissage des adultes. Ces principes sont appliqu\u00e9s \u00e0 l\u2019analyse des besoins, \u00e0 l\u2019engagement, \u00e0 la d\u00e9couverte, \u00e0 l\u2019exploration, \u00e0 l\u2019int\u00e9gration et \u00e0 l\u2019application.   Les participants s\u2019exercent \u00e0 lire et \u00e0 r\u00e9pondre aux \u00e9tats des participants. \u00ab Vous enseignez aux gens, pas au contenu \u00bb.  <\/p>\n\n                    <\/div>\n\n                  <\/div>\n\n                \n                  <div class=\"eachLines\">\n\n                    <h2 class=\"flex\"><span class=\"title\">Les pr\u00e9sentations<\/span><span class=\"icon\"><i class=\"far fa-plus\"><\/i><\/span><\/h2>\n\n                    <div class=\"contentInside\">\n\n                      <p>Les participants mettront en pratique leurs comp\u00e9tences pour g\u00e9rer le messager (pr\u00e9sentateur) et \u00e9laborer le message en fonction des r\u00e9sultats et du public vis\u00e9. Le pr\u00e9sentateur g\u00e9rera l\u2019\u00e9tat et les attentes afin de g\u00e9n\u00e9rer des pr\u00e9visions positives qui se r\u00e9alisent d\u2019elles-m\u00eames, l\u2019analyse et la pr\u00e9paration de tous les facteurs critiques de succ\u00e8s. Il s\u2019appuie sur la science du cerveau, la psychologie et le langage corporel.<\/p>\n\n                    <\/div>\n\n                  <\/div>\n\n                \n                  <div class=\"eachLines\">\n\n                    <h2 class=\"flex\"><span class=\"title\">La m\u00e9thode de sch\u00e9matisation des id\u00e9es<\/span><span class=\"icon\"><i class=\"far fa-plus\"><\/i><\/span><\/h2>\n\n                    <div class=\"contentInside\">\n\n                      <p>Une prise de notes plus efficace et plus efficiente tout en permettant un meilleur contact avec l\u2019orateur, un meilleur rappel et un meilleur compte rendu. Les participants exploreront la prise de notes pour pr\u00e9senter des id\u00e9es de mani\u00e8re plus convaincante et plus persuasive, conform\u00e9ment \u00e0 ce que nous enseignent les sciences du cerveau et de la m\u00e9moire.<\/p>\n\n                    <\/div>\n\n                  <\/div>\n\n                \n              <\/div>\n\n            <\/div>\n\n            \n          <\/div>\n\n        <\/section>\n\n      \n    \n  <\/section>\n\n\n\n\n<hr class=\"wp-block-separator has-text-color has-background is-style-wide\" style=\"background-color:#dfe1df;color:#dfe1df\"\/>\n\n\n\n<div style=\"height:80px\" aria-hidden=\"true\" class=\"wp-block-spacer\"><\/div>\n\n\n<div class=\"wrap\">\n\n  \n    <div class=\"innerWrap\">\n\n  \n\n\n<h2 class=\"wp-block-heading\">Formation pour les dirigeants et les gestionnaires<\/h2>\n\n\n\n<ul class=\"wp-block-list\"><li>Le leadership<\/li><li>La gestion\/la supervision<\/li><li>La motivation<\/li><li>La gestion du changement<\/li><li>La r\u00e9troaction<\/li><li>La d\u00e9l\u00e9gation<\/li><li>L\u2019encadrement et le counseling<\/li><li>La gestion du rendement et la discipline<\/li><li>La gestion des g\u00e9n\u00e9rations<\/li><li>Les entrevues pour embauche<\/li><li>La planification strat\u00e9gique<\/li><\/ul>\n\n\n\n  <\/div>\n\n\n<\/div>\n\n\n\n<div style=\"height:50px\" aria-hidden=\"true\" class=\"wp-block-spacer\"><\/div>\n\n\n\n<hr class=\"wp-block-separator has-text-color has-background is-style-wide\" style=\"background-color:#dfe1df;color:#dfe1df\"\/>\n\n\n\n<div style=\"height:80px\" aria-hidden=\"true\" class=\"wp-block-spacer\"><\/div>\n\n\n<div class=\"wrap\">\n\n  \n    <div class=\"innerWrap\">\n\n  \n\n\n<h2 class=\"wp-block-heading\">Formation pour les v\u00e9rificateurs, les enqu\u00eateurs et les inspecteurs<\/h2>\n\n\n\n<ul class=\"wp-block-list\"><li>Les strat\u00e9gies d\u2019entrevues<\/li><li>D\u00e9celer le mensonge et les messages non exprim\u00e9s<\/li><li>La m\u00e9moire<\/li><li>La prise de notes et le mind mapping<\/li><\/ul>\n\n\n\n  <\/div>\n\n\n<\/div>\n\n\n\n<div style=\"height:50px\" aria-hidden=\"true\" class=\"wp-block-spacer\"><\/div>\n\n\n\n<hr class=\"wp-block-separator has-text-color has-background is-style-wide\" style=\"background-color:#dfe1df;color:#dfe1df\"\/>\n\n\n\n<div style=\"height:80px\" aria-hidden=\"true\" class=\"wp-block-spacer\"><\/div>\n\n\n<div class=\"wrap\">\n\n  \n    <div class=\"innerWrap\">\n\n  \n\n\n<h2 class=\"wp-block-heading\">Formation pour les \u00e9quipes et les membres de l\u2019\u00e9quipe<\/h2>\n\n\n\n<ul class=\"wp-block-list\"><li>Le travail d\u2019\u00e9quipe<\/li><li>La gestion du temps et des priorit\u00e9s<\/li><li>Le stress et la satisfaction au travail<\/li><li>La communication<ul><li>La r\u00e9solution des conflits<\/li><li>Le service \u00e0 la client\u00e8le<\/li><li>L\u2019influence sans autorit\u00e9<\/li><li>Les entrevues pour les interview\u00e9s<\/li><li>Le r\u00e9seautage<\/li><li>L\u2019affirmation et la persuasion<\/li><li>La gestion des conversations et des situations difficiles<\/li><\/ul><\/li><li>La r\u00e9solution de probl\u00e8mes, la prise de d\u00e9cision et la pens\u00e9e critique<\/li><li>Bien vivre le changement<\/li><li>La gestion des r\u00e9unions<\/li><li>La gestion de projets<\/li><\/ul>\n\n\n\n  <\/div>\n\n\n<\/div>\n\n\n\n<div style=\"height:50px\" aria-hidden=\"true\" class=\"wp-block-spacer\"><\/div>\n","protected":false},"excerpt":{"rendered":"<p>Conception sur mesure, approche facilit\u00e9e, livraison r\u00e9active et engageante. Nos ateliers sont offerts virtuellement, en ligne (auto-dirig\u00e9s) et en classe. Formation pour les dirigeants et les gestionnaires Le leadership La gestion\/la supervision La motivation La gestion du changement La r\u00e9troaction La d\u00e9l\u00e9gation L\u2019encadrement et le counseling La gestion du rendement et la discipline La gestion [&hellip;]<\/p>\n","protected":false},"author":2,"featured_media":0,"parent":0,"menu_order":0,"comment_status":"closed","ping_status":"closed","template":"","meta":{"_acf_changed":false,"_monsterinsights_skip_tracking":false,"_monsterinsights_sitenote_active":false,"_monsterinsights_sitenote_note":"","_monsterinsights_sitenote_category":0,"_genesis_hide_title":false,"_genesis_hide_breadcrumbs":false,"_genesis_hide_singular_image":false,"_genesis_hide_footer_widgets":false,"_genesis_custom_body_class":"","_genesis_custom_post_class":"","_genesis_layout":"","footnotes":""},"class_list":{"0":"post-369","1":"page","2":"type-page","3":"status-publish","5":"entry"},"acf":[],"aioseo_notices":[],"jetpack_sharing_enabled":true,"_links":{"self":[{"href":"https:\/\/staging.hpci.net\/fr\/wp-json\/wp\/v2\/pages\/369","targetHints":{"allow":["GET"]}}],"collection":[{"href":"https:\/\/staging.hpci.net\/fr\/wp-json\/wp\/v2\/pages"}],"about":[{"href":"https:\/\/staging.hpci.net\/fr\/wp-json\/wp\/v2\/types\/page"}],"author":[{"embeddable":true,"href":"https:\/\/staging.hpci.net\/fr\/wp-json\/wp\/v2\/users\/2"}],"replies":[{"embeddable":true,"href":"https:\/\/staging.hpci.net\/fr\/wp-json\/wp\/v2\/comments?post=369"}],"version-history":[{"count":3,"href":"https:\/\/staging.hpci.net\/fr\/wp-json\/wp\/v2\/pages\/369\/revisions"}],"predecessor-version":[{"id":942,"href":"https:\/\/staging.hpci.net\/fr\/wp-json\/wp\/v2\/pages\/369\/revisions\/942"}],"wp:attachment":[{"href":"https:\/\/staging.hpci.net\/fr\/wp-json\/wp\/v2\/media?parent=369"}],"curies":[{"name":"wp","href":"https:\/\/api.w.org\/{rel}","templated":true}]}}