{"id":348,"date":"2020-05-10T11:25:29","date_gmt":"2020-05-10T11:25:29","guid":{"rendered":"http:\/\/hpciproject.wpengine.com\/home\/"},"modified":"2024-06-11T20:02:17","modified_gmt":"2024-06-11T20:02:17","slug":"home","status":"publish","type":"page","link":"https:\/\/staging.hpci.net\/fr\/","title":{"rendered":"Home"},"content":{"rendered":"\n<figure class=\"wp-block-embed is-type-video is-provider-youtube wp-block-embed-youtube wp-embed-aspect-16-9 wp-has-aspect-ratio\"><div class=\"wp-block-embed__wrapper\">\n<iframe loading=\"lazy\" title=\"Frank Byrnes explains HPCI in French\" width=\"500\" height=\"281\" src=\"https:\/\/www.youtube.com\/embed\/0H6fvQtRs30?feature=oembed\" frameborder=\"0\" allow=\"accelerometer; autoplay; clipboard-write; encrypted-media; gyroscope; picture-in-picture; web-share\" referrerpolicy=\"strict-origin-when-cross-origin\" allowfullscreen><\/iframe>\n<\/div><\/figure>\n\n\n\n  <section class=\"homeHero\">\n\n    <div class=\"backgroundImagesSlick\">\n\n      \n        <div>\n          <figure class=\"animation\">\n            <img decoding=\"async\" src=\"https:\/\/i0.wp.com\/staging.hpci.net\/wp-content\/uploads\/2020\/05\/HPCI_Banner_3.jpg?fit=1920%2C1080&#038;ssl=1\" alt=\"\">\n          <\/figure>\n        <\/div>\n\n      \n        <div>\n          <figure class=\"animation\">\n            <img decoding=\"async\" src=\"https:\/\/i0.wp.com\/staging.hpci.net\/wp-content\/uploads\/2020\/05\/HPCI_Banner_1.jpg?fit=1920%2C1080&#038;ssl=1\" alt=\"Roundtable coaching discussion\">\n          <\/figure>\n        <\/div>\n\n      \n        <div>\n          <figure class=\"animation\">\n            <img decoding=\"async\" src=\"https:\/\/i0.wp.com\/staging.hpci.net\/wp-content\/uploads\/2020\/05\/HPCI_Banner_2.jpg?fit=1920%2C1080&#038;ssl=1\" alt=\"\">\n          <\/figure>\n        <\/div>\n\n      \n    <\/div>\n\n    <div class=\"contentAbove\">\n\n      <div class=\"wrap\">\n\n        <div class=\"innerWrap\">\n\n          <div class=\"flex flexValues\">\n\n            <div class=\"leftValues\">\n\n              \n                <h1 class=\"open\" data-slide=\"1\">Que faisons-nous?<\/h1>\n\n              \n                <h1  data-slide=\"2\">Comment faisons-nous?<\/h1>\n\n              \n                <h1  data-slide=\"3\">Pourquoi nous choisir?<\/h1>\n\n              \n            <\/div>\n\n            <div class=\"rightValues\">\n\n              <div class=\"slicker\">\n\n                \n                  <div>Nous aidons les organisations \u00e0 accro\u00eetre la productivit\u00e9 de leurs employ\u00e9s gr\u00e2ce \u00e0 la formation en comp\u00e9tences.<\/div>\n\n                \n                  <div>Approches bas\u00e9es sur la recherche, la science et les meilleures pratiques<\/div>\n\n                \n                  <div>Au cours de nos 30 ann\u00e9es d&rsquo;existence, nous avons soutenu plus de 300 organisations gr\u00e2ce \u00e0 des services sur mesure.<\/div>\n\n                \n              <\/div>\n\n              <div class=\"sliderNav flex\">\n\n                <button id=\"goLeft\"><i class=\"fas fa-chevron-left\" aria-hidden=\"true\"><\/i><\/button>\n\n                <span class=\"currentPage\">01<\/span>\n\n                <span>|<\/span>\n\n                <span class=\"totalPage\" data-total=\"3\"><\/span>\n\n                <button id=\"goRight\"><i class=\"fas fa-chevron-right\" aria-hidden=\"true\"><\/i><\/button>\n\n              <\/div>\n\n            <\/div>\n\n        <\/div>\n\n        <\/div>\n\n      <\/div>\n\n    <\/div>\n\n  <\/section>\n\n\n\n\n<div style=\"height:80px\" aria-hidden=\"true\" class=\"wp-block-spacer\"><\/div>\n\n\n<div class=\"wrap\">\n\n  \n    <div class=\"innerWrap\">\n\n  \n\n\n<h2 class=\"wp-block-heading has-text-align-center\">Nous transformons le potentiel en r\u00e9sultats depuis 1989!<\/h2>\n\n\n\n<p class=\"has-text-align-center\">Les Conseillers en potentiel humain inc. (HPCI) est une entreprise ax\u00e9e sur les valeurs et fournit des services de formation, d\u2019animation, de consultation et d\u2019encadrement de haute qualit\u00e9, et ce, dans le monde entier. Nous promettons des r\u00e9sultats gr\u00e2ce \u00e0 notre \u00e9quipe de formateurs, d\u2019animateurs et de coachs experts.<\/p>\n\n\n\n<p class=\"has-text-align-center\">La mission de HPCI est de mieux \u00e9quiper l\u2019ensemble de la personne, de l\u2019\u00e9quipe et de l\u2019organisation \u00e0 pr\u00e9ciser et \u00e0 atteindre leurs objectifs.<\/p>\n\n\n\n  <\/div>\n\n\n<\/div>\n\n\n\n<div style=\"height:80px\" aria-hidden=\"true\" class=\"wp-block-spacer\"><\/div>\n\n\n\n  <section class=\"service1\">\n\n    \n      <div class=\"serviceBlock\">\n\n        <div class=\"wrap\">\n\n          <div class=\"serviceInnerFlex flex\">\n\n            <div class=\"leftIn\">\n\n              <figure class=\"animation\">\n\n                <img decoding=\"async\" src=\"https:\/\/i0.wp.com\/staging.hpci.net\/wp-content\/uploads\/2020\/05\/HPCI_Photos_3.jpg?fit=1920%2C1080&#038;ssl=1\" alt=\"\">\n\n              <\/figure>\n              \n            <\/div>\n\n            <div class=\"rightIn\"  style=\"background-color: #78962c\">\n\n              <div class=\"rightInInside\">\n\n                <h2>Ateliers de formation<\/h2>\n\n                <p>Conception sur mesure, approche facilit\u00e9e, livraison r\u00e9active et engageante<\/p>\n\n                \n                  <a class=\"button\" href=\"http:\/\/hpci.net\/fr\/ateliers-de-formation\/\" target=\"\">D\u00e9couvrez ce service<\/a>\n\n                \n              <\/div>\n\n            <\/div>\n\n          <\/div>\n\n        <\/div>\n\n      <\/div>\n\n    \n      <div class=\"serviceBlock\">\n\n        <div class=\"wrap\">\n\n          <div class=\"serviceInnerFlex flex\">\n\n            <div class=\"leftIn\">\n\n              <figure class=\"animation\">\n\n                <img decoding=\"async\" src=\"https:\/\/i0.wp.com\/staging.hpci.net\/wp-content\/uploads\/2020\/05\/HPCI_Photos_1.jpg?fit=1920%2C1080&#038;ssl=1\" alt=\"\">\n\n              <\/figure>\n              \n            <\/div>\n\n            <div class=\"rightIn\"  style=\"background-color: #ffffff\">\n\n              <div class=\"rightInInside\">\n\n                <h2>D\u00e9veloppement<br \/>\r\norganisationnel<\/h2>\n\n                <p>Bien que nous utilisions des mod\u00e8les, des m\u00e9thodologies, des processus et des outils familiers aux praticiens excellant dans le d\u00e9veloppement organisationnel, notre approche sp\u00e9cialis\u00e9e donne des r\u00e9sultats sup\u00e9rieurs.<\/p>\n\n                \n                  <a class=\"button\" href=\"http:\/\/hpci.net\/fr\/developpement-organisationnel\/\" target=\"\">D\u00e9couvrez ce service<\/a>\n\n                \n              <\/div>\n\n            <\/div>\n\n          <\/div>\n\n        <\/div>\n\n      <\/div>\n\n    \n  <\/section>\n\n\n\n\n  <section class=\"service2\">\n\n    <div class=\"wrap\">\n\n      <div class=\"serviceBox\">\n\n        <img decoding=\"async\" class=\"mainBackground\" src=\"https:\/\/i0.wp.com\/staging.hpci.net\/wp-content\/uploads\/2020\/05\/HPCI_Banner_1.jpg?fit=1920%2C1080&#038;ssl=1\" alt=\"Roundtable coaching discussion\">\n\n        <div class=\"flex flexServiceBox\">\n\n          <img decoding=\"async\" class=\"logoBackground\" src=\"https:\/\/i0.wp.com\/staging.hpci.net\/wp-content\/uploads\/2020\/05\/logo-above.png?fit=698%2C503&#038;ssl=1\" alt=\"\">\n\n          <div class=\"flexEnd\">\n\n            \n              <div class=\"eachServ\">\n\n                <h2>Animation<\/h2>\n\n                <p>HPCI adapte les conf\u00e9rences, les r\u00e9unions et les ateliers aux besoins de ses clients et participe activement au processus pour engager les participants dans une r\u00e9flexion, une exploration, une cr\u00e9ation et un engagement authentiques<\/p>\n\n                \n                  <a class=\"button\" href=\"http:\/\/hpci.net\/fr\/animation\/\" target=\"\">D\u00e9couvrez ce service<\/a>\n\n                \n              <\/div>\n\n            \n              <div class=\"eachServ\">\n\n                <h2>Encadrement<\/h2>\n\n                <p>En fonction des objectifs et des besoins, l\u2019encadrement peut varier en dur\u00e9e, en structure et en complexit\u00e9.<\/p>\n\n                \n                  <a class=\"button\" href=\"http:\/\/hpci.net\/fr\/encadrement\/\" target=\"\">D\u00e9couvrez ce service<\/a>\n\n                \n              <\/div>\n\n            \n          <\/div>\n\n        <\/div>\n\n      <\/div>\n\n    <\/div>\n\n  <\/section>\n\n\n\n<section class=\"homeClients\">\n\n  <div class=\"wrap\">\n\n    <div class=\"flex flexClients\">\n\n      <div class=\"leftClients\">\n\n        <h2>Nos clients<br \/>\r\nsont importants<\/h2>\n\n        <p>D\u00e9couvrez notre liste de clients qui nous font confiance!<\/p>\n\n        \n          <a class=\"button\" href=\"http:\/\/hpci.net\/fr\/our-clients\/\" target=\"\">Voir tous nos clients<\/a>\n\n        \n      <\/div>\n\n      \n      <div class=\"rightClients\">\n\n        <div class=\"clientsSlider slick\">\n\n            \n              <div class=\"imageContainer\">\n\n                \n                <img loading=\"lazy\" decoding=\"async\" width=\"240\" height=\"240\" src=\"https:\/\/i0.wp.com\/staging.hpci.net\/wp-content\/uploads\/2021\/09\/CANAM.jpg?fit=240%2C240&amp;ssl=1\" class=\"attachment-full size-full\" alt=\"\" srcset=\"https:\/\/i0.wp.com\/staging.hpci.net\/wp-content\/uploads\/2021\/09\/CANAM.jpg?w=240&amp;ssl=1 240w, https:\/\/i0.wp.com\/staging.hpci.net\/wp-content\/uploads\/2021\/09\/CANAM.jpg?resize=180%2C180&amp;ssl=1 180w, https:\/\/i0.wp.com\/staging.hpci.net\/wp-content\/uploads\/2021\/09\/CANAM.jpg?resize=150%2C150&amp;ssl=1 150w, https:\/\/i0.wp.com\/staging.hpci.net\/wp-content\/uploads\/2021\/09\/CANAM.jpg?resize=75%2C75&amp;ssl=1 75w\" sizes=\"auto, (max-width: 240px) 100vw, 240px\" \/>\n                \n              <\/div>\n\n            \n              <div class=\"imageContainer\">\n\n                \n                <img loading=\"lazy\" decoding=\"async\" width=\"320\" height=\"213\" src=\"https:\/\/i0.wp.com\/staging.hpci.net\/wp-content\/uploads\/2021\/09\/EY.png?fit=320%2C213&amp;ssl=1\" class=\"attachment-full size-full\" alt=\"\" srcset=\"https:\/\/i0.wp.com\/staging.hpci.net\/wp-content\/uploads\/2021\/09\/EY.png?w=320&amp;ssl=1 320w, https:\/\/i0.wp.com\/staging.hpci.net\/wp-content\/uploads\/2021\/09\/EY.png?resize=300%2C200&amp;ssl=1 300w\" sizes=\"auto, (max-width: 320px) 100vw, 320px\" \/>\n                \n              <\/div>\n\n            \n              <div class=\"imageContainer\">\n\n                \n                <img loading=\"lazy\" decoding=\"async\" width=\"274\" height=\"184\" src=\"https:\/\/i0.wp.com\/staging.hpci.net\/wp-content\/uploads\/2021\/09\/RCMP.jpg?fit=274%2C184&amp;ssl=1\" class=\"attachment-full size-full\" alt=\"\" \/>\n                \n              <\/div>\n\n            \n              <div class=\"imageContainer\">\n\n                \n                <img loading=\"lazy\" decoding=\"async\" width=\"240\" height=\"240\" src=\"https:\/\/i0.wp.com\/staging.hpci.net\/wp-content\/uploads\/2021\/09\/REUTERS.jpg?fit=240%2C240&amp;ssl=1\" class=\"attachment-full size-full\" alt=\"\" srcset=\"https:\/\/i0.wp.com\/staging.hpci.net\/wp-content\/uploads\/2021\/09\/REUTERS.jpg?w=240&amp;ssl=1 240w, https:\/\/i0.wp.com\/staging.hpci.net\/wp-content\/uploads\/2021\/09\/REUTERS.jpg?resize=180%2C180&amp;ssl=1 180w, https:\/\/i0.wp.com\/staging.hpci.net\/wp-content\/uploads\/2021\/09\/REUTERS.jpg?resize=150%2C150&amp;ssl=1 150w, https:\/\/i0.wp.com\/staging.hpci.net\/wp-content\/uploads\/2021\/09\/REUTERS.jpg?resize=75%2C75&amp;ssl=1 75w\" sizes=\"auto, (max-width: 240px) 100vw, 240px\" \/>\n                \n              <\/div>\n\n            \n          <\/div>\n\n          <button id=\"goLeftClients\"><i class=\"fas fa-chevron-left\" aria-hidden=\"true\"><\/i><\/button>\n\n          <button id=\"goRightClients\"><i class=\"fas fa-chevron-right\" aria-hidden=\"true\"><\/i><\/button>\n\n        <\/div>\n\n      \n    <\/div>\n\n  <\/div>\n\n<\/section>\n","protected":false},"excerpt":{"rendered":"<p>Nous transformons le potentiel en r\u00e9sultats depuis 1989! Les Conseillers en potentiel humain inc. (HPCI) est une entreprise ax\u00e9e sur les valeurs et fournit des services de formation, d\u2019animation, de consultation et d\u2019encadrement de haute qualit\u00e9, et ce, dans le monde entier. Nous promettons des r\u00e9sultats gr\u00e2ce \u00e0 notre \u00e9quipe de formateurs, d\u2019animateurs et de [&hellip;]<\/p>\n","protected":false},"author":2,"featured_media":0,"parent":0,"menu_order":0,"comment_status":"closed","ping_status":"closed","template":"","meta":{"_acf_changed":false,"_monsterinsights_skip_tracking":false,"_monsterinsights_sitenote_active":false,"_monsterinsights_sitenote_note":"","_monsterinsights_sitenote_category":0,"_genesis_hide_title":false,"_genesis_hide_breadcrumbs":false,"_genesis_hide_singular_image":false,"_genesis_hide_footer_widgets":false,"_genesis_custom_body_class":"","_genesis_custom_post_class":"","_genesis_layout":"","footnotes":""},"class_list":{"0":"post-348","1":"page","2":"type-page","3":"status-publish","5":"entry"},"acf":[],"aioseo_notices":[],"jetpack_sharing_enabled":true,"_links":{"self":[{"href":"https:\/\/staging.hpci.net\/fr\/wp-json\/wp\/v2\/pages\/348","targetHints":{"allow":["GET"]}}],"collection":[{"href":"https:\/\/staging.hpci.net\/fr\/wp-json\/wp\/v2\/pages"}],"about":[{"href":"https:\/\/staging.hpci.net\/fr\/wp-json\/wp\/v2\/types\/page"}],"author":[{"embeddable":true,"href":"https:\/\/staging.hpci.net\/fr\/wp-json\/wp\/v2\/users\/2"}],"replies":[{"embeddable":true,"href":"https:\/\/staging.hpci.net\/fr\/wp-json\/wp\/v2\/comments?post=348"}],"version-history":[{"count":9,"href":"https:\/\/staging.hpci.net\/fr\/wp-json\/wp\/v2\/pages\/348\/revisions"}],"predecessor-version":[{"id":11225,"href":"https:\/\/staging.hpci.net\/fr\/wp-json\/wp\/v2\/pages\/348\/revisions\/11225"}],"wp:attachment":[{"href":"https:\/\/staging.hpci.net\/fr\/wp-json\/wp\/v2\/media?parent=348"}],"curies":[{"name":"wp","href":"https:\/\/api.w.org\/{rel}","templated":true}]}}